{"id":78,"date":"2020-10-23T16:59:39","date_gmt":"2020-10-23T16:59:39","guid":{"rendered":"https:\/\/ascending.ltd\/contacts\/"},"modified":"2022-05-18T12:35:40","modified_gmt":"2022-05-18T12:35:40","slug":"contactos","status":"publish","type":"page","link":"https:\/\/ascending.ltd\/pt-pt\/contactos\/","title":{"rendered":"Contactos"},"content":{"rendered":"<div id=\"\" class=\"contact-form-block\" data-initblock=\"ContactForm\" data-active=\"1\">\n  <section class=\"contact-form-block__hero\">\n    <div class=\"section-top\">\n              <div class=\"contact-form-block__tab-bg\" data-tab=\"2\">\n          <img decoding=\"async\" src=\"https:\/\/ascending.ltd\/wp-content\/uploads\/2022\/05\/AdobeStock_204165816@2x-475x545.png\" alt>\n        <\/div>\n            <div class=\"middle\">\n      <\/div>\n      <div class=\"left\">\n        <div class=\"title\">CONTACTOS<\/div>\n        <h1 class=\"h2 text-big\">\n          <span data-tab=\"1\">Vamos Comunicar <br \/>\r\ne Trabalhar Juntos<\/span>\n          <span data-tab=\"2\">Vamos Comunicar <br \/>\r\ne Come\u00e7ar a Trabalhar<\/span>\n        <\/h1>\n        <div class=\"bg-imgs\">\n          <div class=\"shape-1\"><\/div>\n        <\/div>\n      <\/div>\n    <\/div>\n    <div class=\"contact-form-block__tabs-control\">\n      <a class=\"purple\" data-tab=\"1\" data-tab-action=\"1\"><span>Info Geral<\/span><\/a>\n      <a class=\"purple\" data-tab=\"2\" data-tab-action=\"2\"><span>Recrutamento<\/span><\/a>\n    <\/div>\n  <\/section>\n\n  <div class=\"contact-form-block__tab contact-form-block__form-tab\" data-tab=\"1\">\n    <div class=\"form-wrapper t-container\">\n      <h2 class=\"h1\">ESCREVA A SUA MENSAGEM<\/h2>\n            <form action=\"\" class=\"send-form-to contact-form-request\" id=\"contact-form\" data-type=\"contact_form\">\n        <input type=\"hidden\" data-type=\"hidden\" name=\"site_url\" value=\"https:\/\/ascending.ltd\/pt-pt\/\">\n        <div class=\"input half\">\n          <input type=\"text\" data-type=\"text\" placeholder=\"Name\" name=\"name\" id=\"name\" data-required=\"true\">\n        <\/div>\n        <div class=\"input half\">\n          <input type=\"text\" data-type=\"text\" placeholder=\"Company\/Organization\" name=\"company\" id=\"company\">\n        <\/div>\n        <div class=\"input\">\n          <input type=\"email\" type=\"email\" data-type=\"email\" placeholder=\"Email\" name=\"email\" id=\"email\" data-required=\"true\">\n        <\/div>\n                  <div class=\"input\">\n            <select class=\"js--subject p-medium\" id=\"subject\" name='subject' type=\"select\" data-type=\"select\"  data-required=\"true\">\n              <option value=\"\" disabled=\"disabled\" selected>Location<\/option>\n                              <option value='Global Headquarters' data-email=\"info@ascending.ltd\">Global Headquarters<\/option>\n                              <option value='Angola' data-email=\"info.ao@ascending.ltd\">Angola<\/option>\n                              <option value='Guiana' data-email=\"info.gy@ascending.ltd\">Guiana<\/option>\n                              <option value='Portugal' data-email=\"info.pt@ascending.ltd\">Portugal<\/option>\n                              <option value='Mo\u00e7ambique' data-email=\"info.mz@ascending.ltd\">Mo\u00e7ambique<\/option>\n                          <\/select>\n          <\/div>\n                <div class=\"input\">\n          <textarea type=\"text\" data-type=\"text\" maxlength=\"3200\" placeholder=\"Message\" name=\"message\" id='comment'><\/textarea>\n        <\/div>\n        <div class=\"form-bottom\">\n          <div class=\"input input--checkbox check-terms\">\n            <input type=\"checkbox\" data-type=\"checkbox\" name=\"terms\" id=\"terms\" data-required=\"true\">\n            <span class=\"p-small\" for=\"terms\">I agree to the Terms and conditions. To find out what personal data we collect and how we use it, please visit our Privacy Policy.<\/span>\n          <\/div>\n          <button class=\"blue with-arrow\" id=\"formsubmit\">\n            <span>Send<\/span>\n          <\/button>\n        <\/div>\n      <\/form>\n      <div class=\"success-message hide\">\n        <h4>Thank you for your request. We will contact you as soon as possible.<\/h4>\n      <\/div>\n    <\/div>\n  <\/div>\n\n  <div class=\"contact-form-block__tab\" data-tab=\"2\">\n    <div class=\"t-container\">\n      <h2 class=\"h1\">\u00c0 procura de trabalho?<\/h2>\n              <p>A Ascending \u00e9 um empregador nos pa\u00edses onde opera e tamb\u00e9m recrutamos para os nossos clientes. Estamos sempre atentos aos talentos. Siga o link abaixo para ver as ofertas dispon\u00edveis e candidatar-se.<\/p>\n                    <div class=\"contact-form-block__tab-cta\">\n          <a class=\"blue with-arrow\" href=\"https:\/\/recruiterflow.com\/ascending\/jobs\" target=\"_blank\">\n            <span>Ver Empregos<\/span>\n          <\/a>\n        <\/div>\n          <\/div>\n  <\/div>\n<\/div>\n\n\n<div id=\"\" class=\"office-locations-block\">\n  <div class=\"content-wrapper\">\n    <div class=\"text\">\n      <h2 class=\"h1\">ESCRIT\u00d3RIOS CENTRAIS<\/h2>\n      <p class=\"p-small subtitle\">Estamos aqui para ajudar. Contacte-nos.<\/p>\n    <\/div>\n          <div class=\"location\">\n        <h6>Ascending<\/h6>\n        <h4>Angola<\/h4>\n        <a class=\"p-medium\" href=\"mailto: info.ao@ascending.ltd\">info.ao@ascending.ltd<\/a>\n        <a class=\"p-medium number\" href=\"tel:+244 925 566 984\">+244 925 566 984<\/a>\n        <p class=\"p-small\">|| Tensai Business Center<br \/>\r\noffice 43, 1-D<br \/>\r\nTalatona, zona CS8 gleba GU22<br \/>\r\nBelas, 1138 Luanda, Angola<\/p>\n      <\/div>\n          <div class=\"location\">\n        <h6>Ascending<\/h6>\n        <h4>Guiana<\/h4>\n        <a class=\"p-medium\" href=\"mailto: info.gy@ascending.ltd\">info.gy@ascending.ltd<\/a>\n        <a class=\"p-medium number\" href=\"tel:+592 664 1381\">+592 664 1381<\/a>\n        <p class=\"p-small\">|| Hadfield &#038; Breda Streets, 78,  Georgetown, Guiana<\/p>\n      <\/div>\n          <div class=\"location\">\n        <h6>Ascending<\/h6>\n        <h4>Portugal<\/h4>\n        <a class=\"p-medium\" href=\"mailto: info.pt@ascending.ltd\">info.pt@ascending.ltd<\/a>\n        <a class=\"p-medium number\" href=\"tel:+351 928 140 233\">+351 928 140 233<\/a>\n        <p class=\"p-small\">|| Rua Sao Nicolau, 73, office 51<br \/>\r\n1100-548 Lisboa, Portugal<br \/>\r\n<br \/>\r\nRua das Merc\u00eas, 41, 9000-224 Funchal, Madeira<\/p>\n      <\/div>\n          <div class=\"location\">\n        <h6>Ascending<\/h6>\n        <h4>Mo\u00e7ambique<\/h4>\n        <a class=\"p-medium\" href=\"mailto: info.mz@ascending.ltd\">info.mz@ascending.ltd<\/a>\n        <a class=\"p-medium number\" href=\"tel:+258\u00a0843 097 709\">+258\u00a0843 097 709<\/a>\n        <p class=\"p-small\">|| Av. Armando Tivane, 245, <br \/>\r\nMaputo-Polana Cimento, Bairro Central<\/p>\n      <\/div>\n      <\/div>\n<\/div>\n\n<div id=\"\" class=\"newsletter-subscription-block\" data-initblock=\"Forms\">\n  <div class=\"content-wrapper\">\n    <h2 class=\"h1\">Porqu\u00ea receber a nossa Newsletter?<\/h2>\n    <h6>Estamos sempre a desenvolver inova\u00e7\u00f5es, a adaptar a nossa oferta e a criar valor para os nossos clientes. Saiba tudo primeiro na sua caixa de correio.<\/h6>\n    <div class=\"form-news-wrapper\">\n      <form action=\"\" class=\"newsletter-form-block send-form-to newsletter-form\" id=\"newsletter-form-block\" data-type=\"newsletter_form\">\n        <div class=\"input\">\n          <input type=\"text\" placeholder=\"Enter your email\" data-type=\"email\"  data-required=\"true\" name=\"email\">\n        <\/div>\n        <input type=\"submit\" class=\"submit-newsletter\" value=\"\">\n      <\/form>\n    <\/div>\n  <\/div>\n<\/div>\n","protected":false},"excerpt":{"rendered":"","protected":false},"author":1,"featured_media":0,"parent":0,"menu_order":0,"comment_status":"closed","ping_status":"closed","template":"","meta":{"om_disable_all_campaigns":false,"_monsterinsights_skip_tracking":false,"_monsterinsights_sitenote_active":false,"_monsterinsights_sitenote_note":"","_monsterinsights_sitenote_category":0,"_uf_show_specific_survey":0,"_uf_disable_surveys":false,"footnotes":""},"class_list":["post-78","page","type-page","status-publish","hentry"],"aioseo_notices":[],"yoast_head":"<!-- This site is optimized with the Yoast SEO plugin v27.1.1 - https:\/\/yoast.com\/product\/yoast-seo-wordpress\/ -->\n<title>Contactos - Ascending<\/title>\n<meta name=\"description\" content=\"Estamos Aqui Para Ajudar. Vamos Comunicar e Come\u00e7ar a Trabalhar.\" \/>\n<meta name=\"robots\" content=\"index, follow, max-snippet:-1, max-image-preview:large, max-video-preview:-1\" \/>\n<link rel=\"canonical\" href=\"https:\/\/ascending.ltd\/pt-pt\/contactos\/\" \/>\n<meta property=\"og:locale\" content=\"pt_PT\" \/>\n<meta property=\"og:type\" content=\"article\" \/>\n<meta property=\"og:title\" content=\"Contactos - Ascending\" \/>\n<meta property=\"og:description\" content=\"Estamos Aqui Para Ajudar. Vamos Comunicar e Come\u00e7ar a Trabalhar.\" \/>\n<meta property=\"og:url\" content=\"https:\/\/ascending.ltd\/pt-pt\/contactos\/\" \/>\n<meta property=\"og:site_name\" content=\"Ascending\" \/>\n<meta property=\"article:modified_time\" content=\"2022-05-18T12:35:40+00:00\" \/>\n<meta property=\"og:image\" content=\"https:\/\/ascending.ltd\/wp-content\/uploads\/2021\/02\/home.png\" \/>\n<meta name=\"twitter:card\" content=\"summary_large_image\" \/>\n<meta name=\"twitter:image\" content=\"https:\/\/ascending.ltd\/wp-content\/uploads\/2021\/02\/home.png\" \/>\n<script type=\"application\/ld+json\" class=\"yoast-schema-graph\">{\"@context\":\"https:\/\/schema.org\",\"@graph\":[{\"@type\":\"WebPage\",\"@id\":\"https:\/\/ascending.ltd\/pt-pt\/contactos\/\",\"url\":\"https:\/\/ascending.ltd\/pt-pt\/contactos\/\",\"name\":\"Contactos - Ascending\",\"isPartOf\":{\"@id\":\"https:\/\/ascending.ltd\/#website\"},\"datePublished\":\"2020-10-23T16:59:39+00:00\",\"dateModified\":\"2022-05-18T12:35:40+00:00\",\"description\":\"Estamos Aqui Para Ajudar. Vamos Comunicar e Come\u00e7ar a Trabalhar.\",\"breadcrumb\":{\"@id\":\"https:\/\/ascending.ltd\/pt-pt\/contactos\/#breadcrumb\"},\"inLanguage\":\"pt-PT\",\"potentialAction\":[{\"@type\":\"ReadAction\",\"target\":[\"https:\/\/ascending.ltd\/pt-pt\/contactos\/\"]}]},{\"@type\":\"BreadcrumbList\",\"@id\":\"https:\/\/ascending.ltd\/pt-pt\/contactos\/#breadcrumb\",\"itemListElement\":[{\"@type\":\"ListItem\",\"position\":1,\"name\":\"Home\",\"item\":\"https:\/\/ascending.ltd\/pt-pt\/\"},{\"@type\":\"ListItem\",\"position\":2,\"name\":\"Contactos\"}]},{\"@type\":\"WebSite\",\"@id\":\"https:\/\/ascending.ltd\/#website\",\"url\":\"https:\/\/ascending.ltd\/\",\"name\":\"Ascending\",\"description\":\"Improving lives and organizations\",\"potentialAction\":[{\"@type\":\"SearchAction\",\"target\":{\"@type\":\"EntryPoint\",\"urlTemplate\":\"https:\/\/ascending.ltd\/?s={search_term_string}\"},\"query-input\":{\"@type\":\"PropertyValueSpecification\",\"valueRequired\":true,\"valueName\":\"search_term_string\"}}],\"inLanguage\":\"pt-PT\"}]}<\/script>\n<!-- \/ Yoast SEO plugin. -->","yoast_head_json":{"title":"Contactos - Ascending","description":"Estamos Aqui Para Ajudar. Vamos Comunicar e Come\u00e7ar a Trabalhar.","robots":{"index":"index","follow":"follow","max-snippet":"max-snippet:-1","max-image-preview":"max-image-preview:large","max-video-preview":"max-video-preview:-1"},"canonical":"https:\/\/ascending.ltd\/pt-pt\/contactos\/","og_locale":"pt_PT","og_type":"article","og_title":"Contactos - Ascending","og_description":"Estamos Aqui Para Ajudar. Vamos Comunicar e Come\u00e7ar a Trabalhar.","og_url":"https:\/\/ascending.ltd\/pt-pt\/contactos\/","og_site_name":"Ascending","article_modified_time":"2022-05-18T12:35:40+00:00","og_image":[{"url":"https:\/\/ascending.ltd\/wp-content\/uploads\/2021\/02\/home.png","type":"","width":"","height":""}],"twitter_card":"summary_large_image","twitter_image":"https:\/\/ascending.ltd\/wp-content\/uploads\/2021\/02\/home.png","schema":{"@context":"https:\/\/schema.org","@graph":[{"@type":"WebPage","@id":"https:\/\/ascending.ltd\/pt-pt\/contactos\/","url":"https:\/\/ascending.ltd\/pt-pt\/contactos\/","name":"Contactos - Ascending","isPartOf":{"@id":"https:\/\/ascending.ltd\/#website"},"datePublished":"2020-10-23T16:59:39+00:00","dateModified":"2022-05-18T12:35:40+00:00","description":"Estamos Aqui Para Ajudar. Vamos Comunicar e Come\u00e7ar a Trabalhar.","breadcrumb":{"@id":"https:\/\/ascending.ltd\/pt-pt\/contactos\/#breadcrumb"},"inLanguage":"pt-PT","potentialAction":[{"@type":"ReadAction","target":["https:\/\/ascending.ltd\/pt-pt\/contactos\/"]}]},{"@type":"BreadcrumbList","@id":"https:\/\/ascending.ltd\/pt-pt\/contactos\/#breadcrumb","itemListElement":[{"@type":"ListItem","position":1,"name":"Home","item":"https:\/\/ascending.ltd\/pt-pt\/"},{"@type":"ListItem","position":2,"name":"Contactos"}]},{"@type":"WebSite","@id":"https:\/\/ascending.ltd\/#website","url":"https:\/\/ascending.ltd\/","name":"Ascending","description":"Improving lives and organizations","potentialAction":[{"@type":"SearchAction","target":{"@type":"EntryPoint","urlTemplate":"https:\/\/ascending.ltd\/?s={search_term_string}"},"query-input":{"@type":"PropertyValueSpecification","valueRequired":true,"valueName":"search_term_string"}}],"inLanguage":"pt-PT"}]}},"_links":{"self":[{"href":"https:\/\/ascending.ltd\/pt-pt\/wp-json\/wp\/v2\/pages\/78","targetHints":{"allow":["GET"]}}],"collection":[{"href":"https:\/\/ascending.ltd\/pt-pt\/wp-json\/wp\/v2\/pages"}],"about":[{"href":"https:\/\/ascending.ltd\/pt-pt\/wp-json\/wp\/v2\/types\/page"}],"author":[{"embeddable":true,"href":"https:\/\/ascending.ltd\/pt-pt\/wp-json\/wp\/v2\/users\/1"}],"replies":[{"embeddable":true,"href":"https:\/\/ascending.ltd\/pt-pt\/wp-json\/wp\/v2\/comments?post=78"}],"version-history":[{"count":17,"href":"https:\/\/ascending.ltd\/pt-pt\/wp-json\/wp\/v2\/pages\/78\/revisions"}],"predecessor-version":[{"id":3359,"href":"https:\/\/ascending.ltd\/pt-pt\/wp-json\/wp\/v2\/pages\/78\/revisions\/3359"}],"wp:attachment":[{"href":"https:\/\/ascending.ltd\/pt-pt\/wp-json\/wp\/v2\/media?parent=78"}],"curies":[{"name":"wp","href":"https:\/\/api.w.org\/{rel}","templated":true}]}}