{"id":5022,"date":"2024-03-01T10:45:46","date_gmt":"2024-03-01T10:45:46","guid":{"rendered":"https:\/\/ascending.ltd\/?page_id=5022"},"modified":"2025-10-03T12:15:05","modified_gmt":"2025-10-03T12:15:05","slug":"politica-privacidade","status":"publish","type":"page","link":"https:\/\/ascending.ltd\/pt-pt\/politica-privacidade\/","title":{"rendered":"Pol\u00edtica de Privacidade"},"content":{"rendered":"\n<div style=\"height:131px\" aria-hidden=\"true\" class=\"wp-block-spacer\"><\/div>\n\n\n\n<ul><ul><ul><ul><ul><h2>POLITICA PRIVACIDADE<\/h2><\/ul>\n\n\n<div id=\"\" class=\"block-title-text-2cols-content mobile-container\">\n  <div class=\"t-container\">\n    \n          <p class=\"text\"> Na Ascending, preocupamo-nos com a seguran\u00e7a dos nossos Utilizadores e Clientes e acreditamos na necessidade de proteger a privacidade das informa\u00e7\u00f5es pessoais que partilham connosco. Estamos empenhados em proteger a sua privacidade e garantir o tratamento respons\u00e1vel das suas informa\u00e7\u00f5es pessoais. Esta Pol\u00edtica de Privacidade descreve as nossas pr\u00e1ticas relativas \u00e0 recolha, utiliza\u00e7\u00e3o e divulga\u00e7\u00e3o de dados pessoais quando visita o nosso website.\r\n<p>Para efeitos do Regulamento Geral sobre a Prote\u00e7\u00e3o de Dados (RGPD), os utilizadores, clientes, candidatos, denunciantes ou prestadores de servi\u00e7os s\u00e3o informados de que os dados pessoais que nos s\u00e3o fornecidos, seja atrav\u00e9s do preenchimento de qualquer formul\u00e1rio, por e-mail ou por qualquer outro meio, ser\u00e3o tratados de acordo com a presente Pol\u00edtica de Prote\u00e7\u00e3o de Dados Pessoais.\r\n<p>Cri\u00e1mos tamb\u00e9m um canal de den\u00fancia para comunicar qualquer viola\u00e7\u00e3o das regras nacionais e da Uni\u00e3o Europeia identificadas na Lei n.\u00ba 93\/2021, de 20 de dezembro, que estabelece em Portugal o regime geral de prote\u00e7\u00e3o dos denunciantes e transp\u00f5e a Diretiva (UE) 2019\/1937 do Parlamento Europeu e do Conselho, de 23 de outubro de 2019, relativa \u00e0 prote\u00e7\u00e3o das pessoas que comunicam viola\u00e7\u00f5es do direito da Uni\u00e3o Europeia, viola\u00e7\u00f5es dos procedimentos, pol\u00edticas e regulamentos internos da Ascending, bem como das obriga\u00e7\u00f5es legais em vigor, com uma dimens\u00e3o \u00e9tica.\r\n<p>A den\u00fancia pode ser apresentada de forma an\u00f3nima. Sem preju\u00edzo, em qualquer caso, da confidencialidade das informa\u00e7\u00f5es contidas na den\u00fancia, que s\u00e3o protegidas contra o acesso n\u00e3o autorizado.\r\n<p>Os dados tamb\u00e9m podem ser recolhidos junto da(s) pessoa(s) denunciada(s). As informa\u00e7\u00f5es relativas \u00e0 privacidade ser\u00e3o comunicadas \u00e0 pessoa denunciada no momento do primeiro contacto com a mesma, tendo em conta a confidencialidade da den\u00fancia at\u00e9 esse momento. Se a den\u00fancia n\u00e3o contiver elementos suficientes para prosseguir com a an\u00e1lise ou n\u00e3o for considerada fundamentada, n\u00e3o ser\u00e1 estabelecido qualquer contacto com o denunciante.\r\n<p>O objetivo deste documento \u00e9 esclarecer, aos titulares dos dados pessoais, os dados que recolhemos sobre eles, a raz\u00e3o dessa recolha, bem como as op\u00e7\u00f5es que oferecemos aos titulares desses dados para aceder, retificar ou eliminar as informa\u00e7\u00f5es, entre outras informa\u00e7\u00f5es relevantes e como procedemos com o nosso canal de den\u00fancia e a prote\u00e7\u00e3o dos denunciantes.\r\n\r\n<p><b>1.    Informa\u00e7\u00f5es que a Ascending recolhe<\/b>\r\n<p>1.1.    Informa\u00e7\u00f5es pessoais: A Ascending recolhe dados que os nossos visitantes, clientes, estagi\u00e1rios e fornecedores fornecem voluntariamente ao criar, tais como o seu nome e endere\u00e7o de e-mail ou outros dados pessoais, quando os formul\u00e1rios s\u00e3o enviados no nosso website.\r\n<p>1.2.    Informa\u00e7\u00f5es n\u00e3o pessoais: Para a Ascending, a seguran\u00e7a e a privacidade dos dados pessoais s\u00e3o de extrema import\u00e2ncia, raz\u00e3o pela qual os dados s\u00e3o sempre recolhidos e processados com base no consentimento do titular dos dados ou quando isso \u00e9 necess\u00e1rio para a presta\u00e7\u00e3o dos nossos servi\u00e7os, sempre com o objetivo de melhor\u00e1-los, recolhemos informa\u00e7\u00f5es n\u00e3o pessoais, como o seu endere\u00e7o IP, tipo de navegador e padr\u00f5es de navega\u00e7\u00e3o.\r\n<p>1.3.    Informa\u00e7\u00f5es do denunciante: Nome completo, endere\u00e7o de e-mail, n\u00famero de telem\u00f3vel e quaisquer outros dados inclu\u00eddos na descri\u00e7\u00e3o da den\u00fancia, se a den\u00fancia n\u00e3o for an\u00f3nima.\r\n<p>1.4.    Informa\u00e7\u00f5es denunciadas: Os dados que o denunciante indica na descri\u00e7\u00e3o da den\u00fancia.\r\n<p>\r\n<p><b>2.     Tratamento de dados<\/b>\r\n\r\n<p>As opera\u00e7\u00f5es de tratamento de dados s\u00e3o legais quando:\r\n<p>a)    O tratamento de dados pessoais \u00e9 necess\u00e1rio para a execu\u00e7\u00e3o de um contrato;\r\n<p>b)    Quando o titular dos dados deu o seu consentimento para o tratamento dos seus dados;\r\n<p>c)    Quando o tratamento decorre de uma obriga\u00e7\u00e3o legal, incluindo o tratamento de reclama\u00e7\u00f5es.\r\n\r\n<p>\r\n<p><b>3.    Como utilizamos as suas informa\u00e7\u00f5es<\/b>\r\n<p>3.1     Utilizamos as informa\u00e7\u00f5es que recolhemos para os seguintes fins:\r\n<p>\u2022    Otimizar a visita dos clientes aos nossos websites.\r\n<p>\u2022    Responder \u00e0s solicita\u00e7\u00f5es dos utilizadores, enviar newsletters e informa\u00e7\u00f5es sobre os nossos servi\u00e7os.\r\n<p>\u2022    Fins estat\u00edsticos, dados de navega\u00e7\u00e3o, que ser\u00e3o pseudonimizados.\r\n\u2022 Fornecer, manter, proteger e melhorar os nossos servi\u00e7os, bem como desenvolver novos.\r\n\u2022 Garantir o exerc\u00edcio dos direitos dos titulares dos dados.\r\n\u2022 Permitir-nos oferecer conte\u00fado personalizado, como newsletters, not\u00edcias, an\u00fancios e resultados de pesquisa que acreditamos que voc\u00ea possa gostar.\r\n\u2022 Melhorar a experi\u00eancia de navega\u00e7\u00e3o do utilizador e a qualidade geral dos nossos servi\u00e7os, atrav\u00e9s das informa\u00e7\u00f5es recolhidas por cookies e outras tecnologias, como pixel tags.\r\n\u2022 Processamento decorrente de uma obriga\u00e7\u00e3o legal.\r\n\u2022 Para garantir o cumprimento dos contratos celebrados com a Ascending;\r\n\u2022 Para enviar e-mails peri\u00f3dicos, caso tenha optado por receb\u00ea-los;\r\n\u2022 Para cumprir as obriga\u00e7\u00f5es legais e proteger os nossos direitos;\r\n\u2022 Para cumprir a sele\u00e7\u00e3o de dados pessoais do denunciante com a finalidade de analisar, encaminhar e responder \u00e0 den\u00fancia, bem como qualquer encaminhamento \u00e0s autoridades competentes.  \r\n\r\n<p>3.2    A Ascending solicitar\u00e1 o seu consentimento expresso antes de utilizar as informa\u00e7\u00f5es para fins diferentes dos expressamente previstos nesta Pol\u00edtica de Privacidade. \r\n<p>3.3    O tratamento de dados pessoais \u00e9 necess\u00e1rio para o cumprimento das obriga\u00e7\u00f5es legais da Ascending, nomeadamente no que diz respeito \u00e0 prote\u00e7\u00e3o dos denunciantes, \u00e0 preven\u00e7\u00e3o da corrup\u00e7\u00e3o e \u00e0 luta contra o branqueamento de capitais e o financiamento do terrorismo. No que diz respeito \u00e0 den\u00fancia de viola\u00e7\u00f5es dos procedimentos, pol\u00edticas e regulamentos internos da Ascending, o tratamento tamb\u00e9m \u00e9 necess\u00e1rio para prosseguir o interesse leg\u00edtimo da Ascending em minimizar o impacto negativo resultante dessa viola\u00e7\u00e3o e refor\u00e7ar a cultura de conformidade com as pol\u00edticas e procedimentos internos da Ascending.  \r\n<p>3.4\tO nome e o endere\u00e7o de e-mail fornecidos pelo denunciante tamb\u00e9m podem ser utilizados para propor inqu\u00e9ritos para determinar a sua satisfa\u00e7\u00e3o com a qualidade do processo de gest\u00e3o de den\u00fancias, com base no interesse leg\u00edtimo da Ascending em obter informa\u00e7\u00f5es para analisar e melhorar o desempenho, bem como para fins estat\u00edsticos. O denunciante tem o direito de se opor a esses inqu\u00e9ritos a qualquer momento por e-mail ou quando contactado para esse efeito.\r\n<p>\r\n<p><b>4.    Como a Ascending protege as informa\u00e7\u00f5es dos clientes<\/b>\r\n<p>A Ascending implementou medidas de seguran\u00e7a para proteger as suas informa\u00e7\u00f5es pessoais. Utilizamos encripta\u00e7\u00e3o, armazenamento seguro de dados e controlos de acesso para proteger os seus dados contra acesso n\u00e3o autorizado, divulga\u00e7\u00e3o, altera\u00e7\u00e3o e destrui\u00e7\u00e3o.\r\n\r\n<p>\r\n<p><b>5.    As suas informa\u00e7\u00f5es de dados<\/b>\r\n<p>5.1     A Ascending comunica as informa\u00e7\u00f5es aos seus parceiros comerciais, subcontratados e prestadores de servi\u00e7os que nos auxiliam na opera\u00e7\u00e3o do nosso website ou na condu\u00e7\u00e3o dos nossos neg\u00f3cios.\r\n<p>5.2    Para esse fim, os Utilizadores e os Clientes d\u00e3o o seu consentimento e podem retir\u00e1-lo a qualquer momento, solicitar a elimina\u00e7\u00e3o dos seus dados, bem como exercer qualquer um dos seus direitos.\r\n<p>5.3    N\u00e3o vendemos nem comercializamos as suas informa\u00e7\u00f5es pessoais a terceiros. \r\n<p>5.4    Os dados pessoais podem ser comunicados \u00e0s autoridades nacionais e europeias competentes para investigar a viola\u00e7\u00e3o denunciada, na medida em que tal seja necess\u00e1rio para dar seguimento \u00e0 reclama\u00e7\u00e3o e conforme permitido por lei.\r\n<p>5.5    Excecionalmente, e quando estritamente necess\u00e1rio para a prossecu\u00e7\u00e3o dos fins de tratamento descritos na presente Pol\u00edtica, a Ascending pode transferir os dados pessoais recolhidos para pa\u00edses terceiros ou organiza\u00e7\u00f5es internacionais para os quais exista uma decis\u00e3o de adequa\u00e7\u00e3o da Comiss\u00e3o Europeia ou sujeitos \u00e0s garantias adequadas previstas na lei, tais como a celebra\u00e7\u00e3o de cl\u00e1usulas contratuais-tipo para a transfer\u00eancia de dados pessoais (nos termos do artigo 46.\u00ba do RGPD). Ao transferir dados para pa\u00edses terceiros ou organiza\u00e7\u00f5es internacionais com base em garantias adequadas, a Ascending tomar\u00e1 medidas adicionais para garantir que os dados pessoais gozem de um n\u00edvel de prote\u00e7\u00e3o essencialmente equivalente ao existente na Uni\u00e3o Europeia.\r\n<p>\r\n<p><b>6.     Reten\u00e7\u00e3o de reclama\u00e7\u00f5es<\/b>\r\n<p>A Ascending \u00e9 respons\u00e1vel por receber e lidar com reclama\u00e7\u00f5es e, portanto, tem o dever de manter um registo delas e preserv\u00e1-las por um per\u00edodo m\u00ednimo de 5 anos ou pela dura\u00e7\u00e3o dos processos judiciais ou administrativos relacionados com elas.\r\n<p>\r\n<p><b>7.    Os seus direitos<\/b>\r\n<p>7.1    Tem o direito de:\r\n<p>\u2022    ser informado sobre como a Ascending utiliza e obt\u00e9m acesso \u00e0s suas informa\u00e7\u00f5es;\r\n<p>\u2022    ter as suas informa\u00e7\u00f5es retificadas ou apagadas ou impor limita\u00e7\u00f5es ao seu processamento;\r\n\u2022 se opor ao tratamento das suas informa\u00e7\u00f5es, por exemplo, para fins de marketing direto ou quando o tratamento se baseia nos nossos interesses leg\u00edtimos;\r\n\u2022 receber as informa\u00e7\u00f5es que nos forneceu de forma automatizada, num formato estruturado, comummente utilizado e leg\u00edvel por m\u00e1quina, ou envi\u00e1-las diretamente para outra empresa, quando tecnicamente vi\u00e1vel (\u00abportabilidade dos dados\u00bb);\r\n\u2022 opor-se a qualquer decis\u00e3o baseada no tratamento automatizado dos seus dados pessoais, incluindo a defini\u00e7\u00e3o de perfis;\r\n\u2022 apresentar uma reclama\u00e7\u00e3o \u00e0 autoridade supervisora respons\u00e1vel pelas quest\u00f5es de prote\u00e7\u00e3o de dados (por exemplo, em Portugal, a Comiss\u00e3o Nacional de Prote\u00e7\u00e3o de Dados);\r\n\u2022 sempre que o tratamento das suas informa\u00e7\u00f5es se basear no seu consentimento, o direito de retirar o consentimento est\u00e1 sujeito a restri\u00e7\u00f5es legais ou contratuais.\r\n\r\n<p>7.2    O denunciante tamb\u00e9m tem o direito de apresentar uma reclama\u00e7\u00e3o \u00e0 Comiss\u00e3o Nacional de Prote\u00e7\u00e3o de Dados (www.cnpd.pt) se considerar que os seus direitos em mat\u00e9ria de dados pessoais foram violados. \r\n<p>7.3    O Utilizador, o Cliente e o Denunciante s\u00e3o avisados de que, para a execu\u00e7\u00e3o de encomendas, o fornecimento de dados relativos \u00e0 identidade (nome, bilhete de identidade), morada, n\u00famero de telefone e endere\u00e7o de e-mail ser\u00e1 considerado obrigat\u00f3rio, uma vez que estes dados s\u00e3o necess\u00e1rios para a formaliza\u00e7\u00e3o e presta\u00e7\u00e3o dos servi\u00e7os oferecidos pela Ascending.\r\n\r\n<p>\r\n<p><b>8.    Menores<\/b>\r\n<p>Os sites da Ascending n\u00e3o s\u00e3o concebidos nem destinados a serem utilizados por crian\u00e7as com menos de 16 anos. N\u00e3o recolhemos, conscientemente, quaisquer Dados Pessoais nos nossos sites de menores de 16 anos sem o consentimento pr\u00e9vio, expl\u00edcito, livre, inequ\u00edvoco e positivo de um pai ou tutor. Os pais ou tutores podem ter o direito, mediante solicita\u00e7\u00e3o, de ver as informa\u00e7\u00f5es fornecidas pela crian\u00e7a e exigir que sejam eliminadas. Al\u00e9m disso, todos os menores devem obter o consentimento pr\u00e9vio dos seus pais ou tutores antes de utilizar ou partilhar quaisquer Dados Pessoais nos websites da Ascending ou em qualquer outra fonte online.\r\n\r\n<p>\r\n<p><b>9.    Cookies<\/b>\r\n<p>A Ascending pode utilizar cookies e outras tecnologias semelhantes, que podem incluir pixels, plugins, scripts, tags e impress\u00f5es digitais de dispositivos para melhorar a sua experi\u00eancia no nosso website. Pode configurar o seu navegador para desativar os cookies, se preferir n\u00e3o os utilizar.\r\n\r\n<p>\r\n<p><b>10.    Links de terceiros<\/b>\r\n<p>O website da Ascending pode conter links para websites de terceiros. N\u00e3o temos controlo sobre as pr\u00e1ticas de privacidade desses sites e n\u00e3o somos respons\u00e1veis pelas suas pol\u00edticas.\r\n\r\n<p>\r\n<p><b>11.    Altera\u00e7\u00f5es a esta pol\u00edtica de privacidade<\/b>\r\n<p>A Ascending pode atualizar esta pol\u00edtica de privacidade periodicamente para refletir altera\u00e7\u00f5es na nossa Pol\u00edtica de Privacidade, por isso recomendamos que leia este espa\u00e7o regularmente, bem como os Termos e Condi\u00e7\u00f5es.\r\n\r\n<p>\r\n<p><b>12.    Informa\u00e7\u00f5es de contacto<\/b>\r\n<p>Se tiver alguma d\u00favida sobre esta pol\u00edtica de privacidade, os seus dados ou qualquer quest\u00e3o relacionada com o canal e os procedimentos de den\u00fancia, entre em contacto connosco atrav\u00e9s do endere\u00e7o: info@ascending.ltd.<\/p>\n        \n\n    <div class=\"columns-container\">\n      <div class=\"left\">\n                <a class=\"img-box\" href=javascript:void(0) style=cursor:unset;>\n          <img decoding=\"async\" src=\"\" alt=\"\">\n        <\/a>\n        <p><\/p>\n      <\/div>    \n      <div class=\"right\">\n                <a class=\"img-box\" href=javascript:void(0) style=cursor:unset;>\n          <img decoding=\"async\" src=\"\" alt=\"\">\n        <\/a>\n        <p><\/p>        \n      <\/div>    \n             \n    <\/div>\n  <\/div>  \n  \n<\/div>","protected":false},"excerpt":{"rendered":"<p>POLITICA PRIVACIDADE<\/p>\n","protected":false},"author":7,"featured_media":0,"parent":0,"menu_order":0,"comment_status":"closed","ping_status":"closed","template":"","meta":{"om_disable_all_campaigns":false,"_monsterinsights_skip_tracking":false,"_monsterinsights_sitenote_active":false,"_monsterinsights_sitenote_note":"","_monsterinsights_sitenote_category":0,"_uf_show_specific_survey":0,"_uf_disable_surveys":false,"footnotes":""},"class_list":["post-5022","page","type-page","status-publish","hentry"],"aioseo_notices":[],"yoast_head":"<!-- This site is optimized with the Yoast SEO plugin v27.1.1 - https:\/\/yoast.com\/product\/yoast-seo-wordpress\/ -->\n<title>Pol\u00edtica de Privacidade - Ascending<\/title>\n<meta name=\"robots\" content=\"index, follow, max-snippet:-1, max-image-preview:large, max-video-preview:-1\" \/>\n<link rel=\"canonical\" href=\"https:\/\/ascending.ltd\/pt-pt\/politica-privacidade\/\" \/>\n<meta property=\"og:locale\" content=\"pt_PT\" \/>\n<meta property=\"og:type\" content=\"article\" \/>\n<meta property=\"og:title\" content=\"Pol\u00edtica de Privacidade - Ascending\" \/>\n<meta property=\"og:description\" content=\"POLITICA PRIVACIDADE\" \/>\n<meta property=\"og:url\" content=\"https:\/\/ascending.ltd\/pt-pt\/politica-privacidade\/\" \/>\n<meta property=\"og:site_name\" content=\"Ascending\" \/>\n<meta property=\"article:modified_time\" content=\"2025-10-03T12:15:05+00:00\" \/>\n<meta name=\"twitter:card\" content=\"summary_large_image\" \/>\n<meta name=\"twitter:label1\" content=\"Tempo estimado de leitura\" \/>\n\t<meta name=\"twitter:data1\" content=\"1 minuto\" \/>\n<script type=\"application\/ld+json\" class=\"yoast-schema-graph\">{\"@context\":\"https:\/\/schema.org\",\"@graph\":[{\"@type\":\"WebPage\",\"@id\":\"https:\/\/ascending.ltd\/pt-pt\/politica-privacidade\/\",\"url\":\"https:\/\/ascending.ltd\/pt-pt\/politica-privacidade\/\",\"name\":\"Pol\u00edtica de Privacidade - Ascending\",\"isPartOf\":{\"@id\":\"https:\/\/ascending.ltd\/#website\"},\"datePublished\":\"2024-03-01T10:45:46+00:00\",\"dateModified\":\"2025-10-03T12:15:05+00:00\",\"breadcrumb\":{\"@id\":\"https:\/\/ascending.ltd\/pt-pt\/politica-privacidade\/#breadcrumb\"},\"inLanguage\":\"pt-PT\",\"potentialAction\":[{\"@type\":\"ReadAction\",\"target\":[\"https:\/\/ascending.ltd\/pt-pt\/politica-privacidade\/\"]}]},{\"@type\":\"BreadcrumbList\",\"@id\":\"https:\/\/ascending.ltd\/pt-pt\/politica-privacidade\/#breadcrumb\",\"itemListElement\":[{\"@type\":\"ListItem\",\"position\":1,\"name\":\"Home\",\"item\":\"https:\/\/ascending.ltd\/pt-pt\/\"},{\"@type\":\"ListItem\",\"position\":2,\"name\":\"Pol\u00edtica de Privacidade\"}]},{\"@type\":\"WebSite\",\"@id\":\"https:\/\/ascending.ltd\/#website\",\"url\":\"https:\/\/ascending.ltd\/\",\"name\":\"Ascending\",\"description\":\"Improving lives and organizations\",\"potentialAction\":[{\"@type\":\"SearchAction\",\"target\":{\"@type\":\"EntryPoint\",\"urlTemplate\":\"https:\/\/ascending.ltd\/?s={search_term_string}\"},\"query-input\":{\"@type\":\"PropertyValueSpecification\",\"valueRequired\":true,\"valueName\":\"search_term_string\"}}],\"inLanguage\":\"pt-PT\"}]}<\/script>\n<!-- \/ Yoast SEO plugin. -->","yoast_head_json":{"title":"Pol\u00edtica de Privacidade - Ascending","robots":{"index":"index","follow":"follow","max-snippet":"max-snippet:-1","max-image-preview":"max-image-preview:large","max-video-preview":"max-video-preview:-1"},"canonical":"https:\/\/ascending.ltd\/pt-pt\/politica-privacidade\/","og_locale":"pt_PT","og_type":"article","og_title":"Pol\u00edtica de Privacidade - Ascending","og_description":"POLITICA PRIVACIDADE","og_url":"https:\/\/ascending.ltd\/pt-pt\/politica-privacidade\/","og_site_name":"Ascending","article_modified_time":"2025-10-03T12:15:05+00:00","twitter_card":"summary_large_image","twitter_misc":{"Tempo estimado de leitura":"1 minuto"},"schema":{"@context":"https:\/\/schema.org","@graph":[{"@type":"WebPage","@id":"https:\/\/ascending.ltd\/pt-pt\/politica-privacidade\/","url":"https:\/\/ascending.ltd\/pt-pt\/politica-privacidade\/","name":"Pol\u00edtica de Privacidade - Ascending","isPartOf":{"@id":"https:\/\/ascending.ltd\/#website"},"datePublished":"2024-03-01T10:45:46+00:00","dateModified":"2025-10-03T12:15:05+00:00","breadcrumb":{"@id":"https:\/\/ascending.ltd\/pt-pt\/politica-privacidade\/#breadcrumb"},"inLanguage":"pt-PT","potentialAction":[{"@type":"ReadAction","target":["https:\/\/ascending.ltd\/pt-pt\/politica-privacidade\/"]}]},{"@type":"BreadcrumbList","@id":"https:\/\/ascending.ltd\/pt-pt\/politica-privacidade\/#breadcrumb","itemListElement":[{"@type":"ListItem","position":1,"name":"Home","item":"https:\/\/ascending.ltd\/pt-pt\/"},{"@type":"ListItem","position":2,"name":"Pol\u00edtica de Privacidade"}]},{"@type":"WebSite","@id":"https:\/\/ascending.ltd\/#website","url":"https:\/\/ascending.ltd\/","name":"Ascending","description":"Improving lives and organizations","potentialAction":[{"@type":"SearchAction","target":{"@type":"EntryPoint","urlTemplate":"https:\/\/ascending.ltd\/?s={search_term_string}"},"query-input":{"@type":"PropertyValueSpecification","valueRequired":true,"valueName":"search_term_string"}}],"inLanguage":"pt-PT"}]}},"_links":{"self":[{"href":"https:\/\/ascending.ltd\/pt-pt\/wp-json\/wp\/v2\/pages\/5022","targetHints":{"allow":["GET"]}}],"collection":[{"href":"https:\/\/ascending.ltd\/pt-pt\/wp-json\/wp\/v2\/pages"}],"about":[{"href":"https:\/\/ascending.ltd\/pt-pt\/wp-json\/wp\/v2\/types\/page"}],"author":[{"embeddable":true,"href":"https:\/\/ascending.ltd\/pt-pt\/wp-json\/wp\/v2\/users\/7"}],"replies":[{"embeddable":true,"href":"https:\/\/ascending.ltd\/pt-pt\/wp-json\/wp\/v2\/comments?post=5022"}],"version-history":[{"count":5,"href":"https:\/\/ascending.ltd\/pt-pt\/wp-json\/wp\/v2\/pages\/5022\/revisions"}],"predecessor-version":[{"id":6618,"href":"https:\/\/ascending.ltd\/pt-pt\/wp-json\/wp\/v2\/pages\/5022\/revisions\/6618"}],"wp:attachment":[{"href":"https:\/\/ascending.ltd\/pt-pt\/wp-json\/wp\/v2\/media?parent=5022"}],"curies":[{"name":"wp","href":"https:\/\/api.w.org\/{rel}","templated":true}]}}