{"id":1084,"date":"2021-02-11T12:43:10","date_gmt":"2021-02-11T12:43:10","guid":{"rendered":"https:\/\/ascending.ltd\/industrias\/"},"modified":"2021-02-11T12:43:12","modified_gmt":"2021-02-11T12:43:12","slug":"industrias","status":"publish","type":"page","link":"https:\/\/ascending.ltd\/pt-pt\/industrias\/","title":{"rendered":"Ind\u00fastrias"},"content":{"rendered":"<div id=\"\" class=\"categories-menu-hero\">\n  <div class=\"menu-hero-container\">\n          <div class=\"category-menu mobile\">\n        <div class=\"mobile-img\">\n          <img decoding=\"async\" src=\"https:\/\/ascending.ltd\/wp-content\/uploads\/2021\/03\/AdobeStock_204165816@2x.png\" alt=\"\">\n        <\/div>\n        <div class=\"text\">\n          <a href=\"https:\/\/ascending.ltd\/pt-pt\/industry_category\/marine-offshore-pt-pt\/\"><h2 class=\"h1 industry\">Marine &amp; Offshore<\/h2><\/a>\n        <\/div>\n      <\/div>\n      \n      <!-- <div class=\"wrapper-cat\" style=\"width: 25%\"> -->\n        <div class=\"category-menu desktop\" style=\"width: 25%\">\n          <img decoding=\"async\" src=\"https:\/\/ascending.ltd\/wp-content\/uploads\/2021\/03\/AdobeStock_204165816@2x.png\" alt=\"\">\n          <div class=\"text\">\n            <a href=\"https:\/\/ascending.ltd\/pt-pt\/industry_category\/marine-offshore-pt-pt\/\"><h2 class=\"h1 industry\">Marine &amp; Offshore<\/h2><\/a>\n          <\/div>\n        <\/div>\n      <!-- <\/div> -->\n          <div class=\"category-menu mobile\">\n        <div class=\"mobile-img\">\n          <img decoding=\"async\" src=\"https:\/\/ascending.ltd\/wp-content\/uploads\/2021\/03\/AdobeStock_164813331_Preview@2x.png\" alt=\"\">\n        <\/div>\n        <div class=\"text\">\n          <a href=\"https:\/\/ascending.ltd\/pt-pt\/industry_category\/mineracao\/\"><h2 class=\"h1 industry\">Minera\u00e7\u00e3o<\/h2><\/a>\n        <\/div>\n      <\/div>\n      \n      <!-- <div class=\"wrapper-cat\" style=\"width: 25%\"> -->\n        <div class=\"category-menu desktop\" style=\"width: 25%\">\n          <img decoding=\"async\" src=\"https:\/\/ascending.ltd\/wp-content\/uploads\/2021\/03\/AdobeStock_164813331_Preview@2x.png\" alt=\"\">\n          <div class=\"text\">\n            <a href=\"https:\/\/ascending.ltd\/pt-pt\/industry_category\/mineracao\/\"><h2 class=\"h1 industry\">Minera\u00e7\u00e3o<\/h2><\/a>\n          <\/div>\n        <\/div>\n      <!-- <\/div> -->\n          <div class=\"category-menu mobile\">\n        <div class=\"mobile-img\">\n          <img decoding=\"async\" src=\"https:\/\/ascending.ltd\/wp-content\/uploads\/2021\/03\/hero-why.png\" alt=\"\">\n        <\/div>\n        <div class=\"text\">\n          <a href=\"https:\/\/ascending.ltd\/pt-pt\/industry_category\/petroleo-e-gas\/\"><h2 class=\"h1 industry\">Petr\u00f3leo e G\u00e1s<\/h2><\/a>\n        <\/div>\n      <\/div>\n      \n      <!-- <div class=\"wrapper-cat\" style=\"width: 25%\"> -->\n        <div class=\"category-menu desktop\" style=\"width: 25%\">\n          <img decoding=\"async\" src=\"https:\/\/ascending.ltd\/wp-content\/uploads\/2021\/03\/hero-why.png\" alt=\"\">\n          <div class=\"text\">\n            <a href=\"https:\/\/ascending.ltd\/pt-pt\/industry_category\/petroleo-e-gas\/\"><h2 class=\"h1 industry\">Petr\u00f3leo e G\u00e1s<\/h2><\/a>\n          <\/div>\n        <\/div>\n      <!-- <\/div> -->\n          <div class=\"category-menu mobile\">\n        <div class=\"mobile-img\">\n          <img decoding=\"async\" src=\"https:\/\/ascending.ltd\/wp-content\/uploads\/2021\/03\/AdobeStock_202785193_Preview@2x.png\" alt=\"\">\n        <\/div>\n        <div class=\"text\">\n          <a href=\"https:\/\/ascending.ltd\/pt-pt\/industry_category\/transportes-e-logistica\/\"><h2 class=\"h1 industry\">Transportes e Log\u00edstica<\/h2><\/a>\n        <\/div>\n      <\/div>\n      \n      <!-- <div class=\"wrapper-cat\" style=\"width: 25%\"> -->\n        <div class=\"category-menu desktop\" style=\"width: 25%\">\n          <img decoding=\"async\" src=\"https:\/\/ascending.ltd\/wp-content\/uploads\/2021\/03\/AdobeStock_202785193_Preview@2x.png\" alt=\"\">\n          <div class=\"text\">\n            <a href=\"https:\/\/ascending.ltd\/pt-pt\/industry_category\/transportes-e-logistica\/\"><h2 class=\"h1 industry\">Transportes e Log\u00edstica<\/h2><\/a>\n          <\/div>\n        <\/div>\n      <!-- <\/div> -->\n      <\/div>\n<\/div>","protected":false},"excerpt":{"rendered":"","protected":false},"author":1,"featured_media":0,"parent":0,"menu_order":0,"comment_status":"closed","ping_status":"closed","template":"","meta":{"om_disable_all_campaigns":false,"_monsterinsights_skip_tracking":false,"_monsterinsights_sitenote_active":false,"_monsterinsights_sitenote_note":"","_monsterinsights_sitenote_category":0,"_uf_show_specific_survey":0,"_uf_disable_surveys":false,"footnotes":""},"class_list":["post-1084","page","type-page","status-publish","hentry"],"aioseo_notices":[],"yoast_head":"<!-- This site is optimized with the Yoast SEO plugin v27.4 - https:\/\/yoast.com\/product\/yoast-seo-wordpress\/ -->\n<title>Solu\u00e7\u00f5es Para Ind\u00fastrias - Ascending<\/title>\n<meta name=\"description\" content=\"Conhe\u00e7a o Nosso Trabalho Especializado Para as Ind\u00fastrias de Petr\u00f3leo &amp; G\u00e1s, Minera\u00e7\u00e3o, Transportes &amp; Log\u00edstica e Marine &amp; OffShore.\" \/>\n<meta name=\"robots\" content=\"index, follow, max-snippet:-1, max-image-preview:large, max-video-preview:-1\" \/>\n<link rel=\"canonical\" href=\"https:\/\/ascending.ltd\/pt-pt\/industrias\/\" \/>\n<meta property=\"og:locale\" content=\"pt_PT\" \/>\n<meta property=\"og:type\" content=\"article\" \/>\n<meta property=\"og:title\" content=\"Solu\u00e7\u00f5es Para Ind\u00fastrias - Ascending\" \/>\n<meta property=\"og:description\" content=\"Conhe\u00e7a o Nosso Trabalho Especializado Para as Ind\u00fastrias de Petr\u00f3leo &amp; G\u00e1s, Minera\u00e7\u00e3o, Transportes &amp; Log\u00edstica e Marine &amp; OffShore.\" \/>\n<meta property=\"og:url\" content=\"https:\/\/ascending.ltd\/pt-pt\/industrias\/\" \/>\n<meta property=\"og:site_name\" content=\"Ascending\" \/>\n<meta property=\"article:modified_time\" content=\"2021-02-11T12:43:12+00:00\" \/>\n<meta property=\"og:image\" content=\"https:\/\/ascending.ltd\/wp-content\/uploads\/2021\/02\/works.png\" \/>\n<meta name=\"twitter:card\" content=\"summary_large_image\" \/>\n<meta name=\"twitter:image\" content=\"https:\/\/ascending.ltd\/wp-content\/uploads\/2021\/02\/works.png\" \/>\n<script type=\"application\/ld+json\" class=\"yoast-schema-graph\">{\"@context\":\"https:\\\/\\\/schema.org\",\"@graph\":[{\"@type\":\"WebPage\",\"@id\":\"https:\\\/\\\/ascending.ltd\\\/pt-pt\\\/industrias\\\/\",\"url\":\"https:\\\/\\\/ascending.ltd\\\/pt-pt\\\/industrias\\\/\",\"name\":\"Solu\u00e7\u00f5es Para Ind\u00fastrias - Ascending\",\"isPartOf\":{\"@id\":\"https:\\\/\\\/ascending.ltd\\\/#website\"},\"datePublished\":\"2021-02-11T12:43:10+00:00\",\"dateModified\":\"2021-02-11T12:43:12+00:00\",\"description\":\"Conhe\u00e7a o Nosso Trabalho Especializado Para as Ind\u00fastrias de Petr\u00f3leo & G\u00e1s, Minera\u00e7\u00e3o, Transportes & Log\u00edstica e Marine & OffShore.\",\"breadcrumb\":{\"@id\":\"https:\\\/\\\/ascending.ltd\\\/pt-pt\\\/industrias\\\/#breadcrumb\"},\"inLanguage\":\"pt-PT\",\"potentialAction\":[{\"@type\":\"ReadAction\",\"target\":[\"https:\\\/\\\/ascending.ltd\\\/pt-pt\\\/industrias\\\/\"]}]},{\"@type\":\"BreadcrumbList\",\"@id\":\"https:\\\/\\\/ascending.ltd\\\/pt-pt\\\/industrias\\\/#breadcrumb\",\"itemListElement\":[{\"@type\":\"ListItem\",\"position\":1,\"name\":\"Home\",\"item\":\"https:\\\/\\\/ascending.ltd\\\/pt-pt\\\/\"},{\"@type\":\"ListItem\",\"position\":2,\"name\":\"Ind\u00fastrias\"}]},{\"@type\":\"WebSite\",\"@id\":\"https:\\\/\\\/ascending.ltd\\\/#website\",\"url\":\"https:\\\/\\\/ascending.ltd\\\/\",\"name\":\"Ascending\",\"description\":\"Improving lives and organizations\",\"potentialAction\":[{\"@type\":\"SearchAction\",\"target\":{\"@type\":\"EntryPoint\",\"urlTemplate\":\"https:\\\/\\\/ascending.ltd\\\/?s={search_term_string}\"},\"query-input\":{\"@type\":\"PropertyValueSpecification\",\"valueRequired\":true,\"valueName\":\"search_term_string\"}}],\"inLanguage\":\"pt-PT\"}]}<\/script>\n<!-- \/ Yoast SEO plugin. -->","yoast_head_json":{"title":"Solu\u00e7\u00f5es Para Ind\u00fastrias - Ascending","description":"Conhe\u00e7a o Nosso Trabalho Especializado Para as Ind\u00fastrias de Petr\u00f3leo & G\u00e1s, Minera\u00e7\u00e3o, Transportes & Log\u00edstica e Marine & OffShore.","robots":{"index":"index","follow":"follow","max-snippet":"max-snippet:-1","max-image-preview":"max-image-preview:large","max-video-preview":"max-video-preview:-1"},"canonical":"https:\/\/ascending.ltd\/pt-pt\/industrias\/","og_locale":"pt_PT","og_type":"article","og_title":"Solu\u00e7\u00f5es Para Ind\u00fastrias - Ascending","og_description":"Conhe\u00e7a o Nosso Trabalho Especializado Para as Ind\u00fastrias de Petr\u00f3leo & G\u00e1s, Minera\u00e7\u00e3o, Transportes & Log\u00edstica e Marine & OffShore.","og_url":"https:\/\/ascending.ltd\/pt-pt\/industrias\/","og_site_name":"Ascending","article_modified_time":"2021-02-11T12:43:12+00:00","og_image":[{"url":"https:\/\/ascending.ltd\/wp-content\/uploads\/2021\/02\/works.png","type":"","width":"","height":""}],"twitter_card":"summary_large_image","twitter_image":"https:\/\/ascending.ltd\/wp-content\/uploads\/2021\/02\/works.png","schema":{"@context":"https:\/\/schema.org","@graph":[{"@type":"WebPage","@id":"https:\/\/ascending.ltd\/pt-pt\/industrias\/","url":"https:\/\/ascending.ltd\/pt-pt\/industrias\/","name":"Solu\u00e7\u00f5es Para Ind\u00fastrias - Ascending","isPartOf":{"@id":"https:\/\/ascending.ltd\/#website"},"datePublished":"2021-02-11T12:43:10+00:00","dateModified":"2021-02-11T12:43:12+00:00","description":"Conhe\u00e7a o Nosso Trabalho Especializado Para as Ind\u00fastrias de Petr\u00f3leo & G\u00e1s, Minera\u00e7\u00e3o, Transportes & Log\u00edstica e Marine & OffShore.","breadcrumb":{"@id":"https:\/\/ascending.ltd\/pt-pt\/industrias\/#breadcrumb"},"inLanguage":"pt-PT","potentialAction":[{"@type":"ReadAction","target":["https:\/\/ascending.ltd\/pt-pt\/industrias\/"]}]},{"@type":"BreadcrumbList","@id":"https:\/\/ascending.ltd\/pt-pt\/industrias\/#breadcrumb","itemListElement":[{"@type":"ListItem","position":1,"name":"Home","item":"https:\/\/ascending.ltd\/pt-pt\/"},{"@type":"ListItem","position":2,"name":"Ind\u00fastrias"}]},{"@type":"WebSite","@id":"https:\/\/ascending.ltd\/#website","url":"https:\/\/ascending.ltd\/","name":"Ascending","description":"Improving lives and organizations","potentialAction":[{"@type":"SearchAction","target":{"@type":"EntryPoint","urlTemplate":"https:\/\/ascending.ltd\/?s={search_term_string}"},"query-input":{"@type":"PropertyValueSpecification","valueRequired":true,"valueName":"search_term_string"}}],"inLanguage":"pt-PT"}]}},"_links":{"self":[{"href":"https:\/\/ascending.ltd\/pt-pt\/wp-json\/wp\/v2\/pages\/1084","targetHints":{"allow":["GET"]}}],"collection":[{"href":"https:\/\/ascending.ltd\/pt-pt\/wp-json\/wp\/v2\/pages"}],"about":[{"href":"https:\/\/ascending.ltd\/pt-pt\/wp-json\/wp\/v2\/types\/page"}],"author":[{"embeddable":true,"href":"https:\/\/ascending.ltd\/pt-pt\/wp-json\/wp\/v2\/users\/1"}],"replies":[{"embeddable":true,"href":"https:\/\/ascending.ltd\/pt-pt\/wp-json\/wp\/v2\/comments?post=1084"}],"version-history":[{"count":1,"href":"https:\/\/ascending.ltd\/pt-pt\/wp-json\/wp\/v2\/pages\/1084\/revisions"}],"predecessor-version":[{"id":1085,"href":"https:\/\/ascending.ltd\/pt-pt\/wp-json\/wp\/v2\/pages\/1084\/revisions\/1085"}],"wp:attachment":[{"href":"https:\/\/ascending.ltd\/pt-pt\/wp-json\/wp\/v2\/media?parent=1084"}],"curies":[{"name":"wp","href":"https:\/\/api.w.org\/{rel}","templated":true}]}}