{"id":1081,"date":"2021-02-11T12:37:55","date_gmt":"2021-02-11T12:37:55","guid":{"rendered":"https:\/\/ascending.ltd\/units\/"},"modified":"2021-02-11T12:38:48","modified_gmt":"2021-02-11T12:38:48","slug":"units","status":"publish","type":"page","link":"https:\/\/ascending.ltd\/pt-pt\/units\/","title":{"rendered":"Units"},"content":{"rendered":"<div id=\"\" class=\"categories-menu-hero\">\n  <div class=\"menu-hero-container\">\n          <div class=\"category-menu mobile\">\n        <div class=\"mobile-img\">\n          <img decoding=\"async\" src=\"https:\/\/ascending.ltd\/wp-content\/uploads\/2022\/05\/academy.jpg\" alt=\"\">\n        <\/div>\n        <div class=\"text\">\n          <a href=\"https:\/\/ascending.ltd\/pt-pt\/unit_category\/academia\/\"><h2 class=\"h1 \">Academia<\/h2><\/a>\n        <\/div>\n      <\/div>\n      \n      <!-- <div class=\"wrapper-cat\" style=\"width: 25%\"> -->\n        <div class=\"category-menu desktop\" style=\"width: 25%\">\n          <img decoding=\"async\" src=\"https:\/\/ascending.ltd\/wp-content\/uploads\/2022\/05\/academy.jpg\" alt=\"\">\n          <div class=\"text\">\n            <a href=\"https:\/\/ascending.ltd\/pt-pt\/unit_category\/academia\/\"><h2 class=\"h1 \">Academia<\/h2><\/a>\n          <\/div>\n        <\/div>\n      <!-- <\/div> -->\n          <div class=\"category-menu mobile\">\n        <div class=\"mobile-img\">\n          <img decoding=\"async\" src=\"https:\/\/ascending.ltd\/wp-content\/uploads\/2021\/05\/Image-14_2_1920-e1652349438633.jpg\" alt=\"\">\n        <\/div>\n        <div class=\"text\">\n          <a href=\"https:\/\/ascending.ltd\/pt-pt\/unit_category\/gestao-de-forcas-de-trabalho\/\"><h2 class=\"h1 \">Gest\u00e3o de For\u00e7as de Trabalho<\/h2><\/a>\n        <\/div>\n      <\/div>\n      \n      <!-- <div class=\"wrapper-cat\" style=\"width: 25%\"> -->\n        <div class=\"category-menu desktop\" style=\"width: 25%\">\n          <img decoding=\"async\" src=\"https:\/\/ascending.ltd\/wp-content\/uploads\/2021\/05\/Image-14_2_1920-e1652349438633.jpg\" alt=\"\">\n          <div class=\"text\">\n            <a href=\"https:\/\/ascending.ltd\/pt-pt\/unit_category\/gestao-de-forcas-de-trabalho\/\"><h2 class=\"h1 \">Gest\u00e3o de For\u00e7as de Trabalho<\/h2><\/a>\n          <\/div>\n        <\/div>\n      <!-- <\/div> -->\n          <div class=\"category-menu mobile\">\n        <div class=\"mobile-img\">\n          <img decoding=\"async\" src=\"https:\/\/ascending.ltd\/wp-content\/uploads\/2022\/05\/marine.jpg\" alt=\"marine\">\n        <\/div>\n        <div class=\"text\">\n          <a href=\"https:\/\/ascending.ltd\/pt-pt\/unit_category\/gestao-maritima\/\"><h2 class=\"h1 \">Gest\u00e3o Mar\u00edtima<\/h2><\/a>\n        <\/div>\n      <\/div>\n      \n      <!-- <div class=\"wrapper-cat\" style=\"width: 25%\"> -->\n        <div class=\"category-menu desktop\" style=\"width: 25%\">\n          <img decoding=\"async\" src=\"https:\/\/ascending.ltd\/wp-content\/uploads\/2022\/05\/marine.jpg\" alt=\"marine\">\n          <div class=\"text\">\n            <a href=\"https:\/\/ascending.ltd\/pt-pt\/unit_category\/gestao-maritima\/\"><h2 class=\"h1 \">Gest\u00e3o Mar\u00edtima<\/h2><\/a>\n          <\/div>\n        <\/div>\n      <!-- <\/div> -->\n          <div class=\"category-menu mobile\">\n        <div class=\"mobile-img\">\n          <img decoding=\"async\" src=\"https:\/\/ascending.ltd\/wp-content\/uploads\/2022\/05\/procurement-e1652349126888.jpg\" alt=\"\">\n        <\/div>\n        <div class=\"text\">\n          <a href=\"https:\/\/ascending.ltd\/pt-pt\/unit_category\/procurement-pt-pt\/\"><h2 class=\"h1 \">Procurement<\/h2><\/a>\n        <\/div>\n      <\/div>\n      \n      <!-- <div class=\"wrapper-cat\" style=\"width: 25%\"> -->\n        <div class=\"category-menu desktop\" style=\"width: 25%\">\n          <img decoding=\"async\" src=\"https:\/\/ascending.ltd\/wp-content\/uploads\/2022\/05\/procurement-e1652349126888.jpg\" alt=\"\">\n          <div class=\"text\">\n            <a href=\"https:\/\/ascending.ltd\/pt-pt\/unit_category\/procurement-pt-pt\/\"><h2 class=\"h1 \">Procurement<\/h2><\/a>\n          <\/div>\n        <\/div>\n      <!-- <\/div> -->\n      <\/div>\n<\/div>","protected":false},"excerpt":{"rendered":"","protected":false},"author":1,"featured_media":0,"parent":0,"menu_order":0,"comment_status":"closed","ping_status":"closed","template":"","meta":{"om_disable_all_campaigns":false,"_monsterinsights_skip_tracking":false,"_monsterinsights_sitenote_active":false,"_monsterinsights_sitenote_note":"","_monsterinsights_sitenote_category":0,"_uf_show_specific_survey":0,"_uf_disable_surveys":false,"footnotes":""},"class_list":["post-1081","page","type-page","status-publish","hentry"],"aioseo_notices":[],"yoast_head":"<!-- This site is optimized with the Yoast SEO plugin v27.4 - https:\/\/yoast.com\/product\/yoast-seo-wordpress\/ -->\n<title>Units - Ascending<\/title>\n<meta name=\"description\" content=\"Manpower, Gest\u00e3o Mar\u00edtima, Forma\u00e7\u00e3o T\u00e9cnica, Gest\u00e3o de For\u00e7as de Trabalho: Veja Como o Nosso Trabalho Acrescenta Valor ao Seu Neg\u00f3cio.\" \/>\n<meta name=\"robots\" content=\"index, follow, max-snippet:-1, max-image-preview:large, max-video-preview:-1\" \/>\n<link rel=\"canonical\" href=\"https:\/\/ascending.ltd\/pt-pt\/units\/\" \/>\n<meta property=\"og:locale\" content=\"pt_PT\" \/>\n<meta property=\"og:type\" content=\"article\" \/>\n<meta property=\"og:title\" content=\"Units - Ascending\" \/>\n<meta property=\"og:description\" content=\"Manpower, Gest\u00e3o Mar\u00edtima, Forma\u00e7\u00e3o T\u00e9cnica, Gest\u00e3o de For\u00e7as de Trabalho: Veja Como o Nosso Trabalho Acrescenta Valor ao Seu Neg\u00f3cio.\" \/>\n<meta property=\"og:url\" content=\"https:\/\/ascending.ltd\/pt-pt\/units\/\" \/>\n<meta property=\"og:site_name\" content=\"Ascending\" \/>\n<meta property=\"article:modified_time\" content=\"2021-02-11T12:38:48+00:00\" \/>\n<meta property=\"og:image\" content=\"https:\/\/ascending.ltd\/wp-content\/uploads\/2021\/02\/manpower.png\" \/>\n<meta name=\"twitter:card\" content=\"summary_large_image\" \/>\n<meta name=\"twitter:image\" content=\"https:\/\/ascending.ltd\/wp-content\/uploads\/2021\/02\/manpower.png\" \/>\n<script type=\"application\/ld+json\" class=\"yoast-schema-graph\">{\"@context\":\"https:\\\/\\\/schema.org\",\"@graph\":[{\"@type\":\"WebPage\",\"@id\":\"https:\\\/\\\/ascending.ltd\\\/pt-pt\\\/units\\\/\",\"url\":\"https:\\\/\\\/ascending.ltd\\\/pt-pt\\\/units\\\/\",\"name\":\"Units - Ascending\",\"isPartOf\":{\"@id\":\"https:\\\/\\\/ascending.ltd\\\/#website\"},\"datePublished\":\"2021-02-11T12:37:55+00:00\",\"dateModified\":\"2021-02-11T12:38:48+00:00\",\"description\":\"Manpower, Gest\u00e3o Mar\u00edtima, Forma\u00e7\u00e3o T\u00e9cnica, Gest\u00e3o de For\u00e7as de Trabalho: Veja Como o Nosso Trabalho Acrescenta Valor ao Seu Neg\u00f3cio.\",\"breadcrumb\":{\"@id\":\"https:\\\/\\\/ascending.ltd\\\/pt-pt\\\/units\\\/#breadcrumb\"},\"inLanguage\":\"pt-PT\",\"potentialAction\":[{\"@type\":\"ReadAction\",\"target\":[\"https:\\\/\\\/ascending.ltd\\\/pt-pt\\\/units\\\/\"]}]},{\"@type\":\"BreadcrumbList\",\"@id\":\"https:\\\/\\\/ascending.ltd\\\/pt-pt\\\/units\\\/#breadcrumb\",\"itemListElement\":[{\"@type\":\"ListItem\",\"position\":1,\"name\":\"Home\",\"item\":\"https:\\\/\\\/ascending.ltd\\\/pt-pt\\\/\"},{\"@type\":\"ListItem\",\"position\":2,\"name\":\"Units\"}]},{\"@type\":\"WebSite\",\"@id\":\"https:\\\/\\\/ascending.ltd\\\/#website\",\"url\":\"https:\\\/\\\/ascending.ltd\\\/\",\"name\":\"Ascending\",\"description\":\"Improving lives and organizations\",\"potentialAction\":[{\"@type\":\"SearchAction\",\"target\":{\"@type\":\"EntryPoint\",\"urlTemplate\":\"https:\\\/\\\/ascending.ltd\\\/?s={search_term_string}\"},\"query-input\":{\"@type\":\"PropertyValueSpecification\",\"valueRequired\":true,\"valueName\":\"search_term_string\"}}],\"inLanguage\":\"pt-PT\"}]}<\/script>\n<!-- \/ Yoast SEO plugin. -->","yoast_head_json":{"title":"Units - Ascending","description":"Manpower, Gest\u00e3o Mar\u00edtima, Forma\u00e7\u00e3o T\u00e9cnica, Gest\u00e3o de For\u00e7as de Trabalho: Veja Como o Nosso Trabalho Acrescenta Valor ao Seu Neg\u00f3cio.","robots":{"index":"index","follow":"follow","max-snippet":"max-snippet:-1","max-image-preview":"max-image-preview:large","max-video-preview":"max-video-preview:-1"},"canonical":"https:\/\/ascending.ltd\/pt-pt\/units\/","og_locale":"pt_PT","og_type":"article","og_title":"Units - Ascending","og_description":"Manpower, Gest\u00e3o Mar\u00edtima, Forma\u00e7\u00e3o T\u00e9cnica, Gest\u00e3o de For\u00e7as de Trabalho: Veja Como o Nosso Trabalho Acrescenta Valor ao Seu Neg\u00f3cio.","og_url":"https:\/\/ascending.ltd\/pt-pt\/units\/","og_site_name":"Ascending","article_modified_time":"2021-02-11T12:38:48+00:00","og_image":[{"url":"https:\/\/ascending.ltd\/wp-content\/uploads\/2021\/02\/manpower.png","type":"","width":"","height":""}],"twitter_card":"summary_large_image","twitter_image":"https:\/\/ascending.ltd\/wp-content\/uploads\/2021\/02\/manpower.png","schema":{"@context":"https:\/\/schema.org","@graph":[{"@type":"WebPage","@id":"https:\/\/ascending.ltd\/pt-pt\/units\/","url":"https:\/\/ascending.ltd\/pt-pt\/units\/","name":"Units - Ascending","isPartOf":{"@id":"https:\/\/ascending.ltd\/#website"},"datePublished":"2021-02-11T12:37:55+00:00","dateModified":"2021-02-11T12:38:48+00:00","description":"Manpower, Gest\u00e3o Mar\u00edtima, Forma\u00e7\u00e3o T\u00e9cnica, Gest\u00e3o de For\u00e7as de Trabalho: Veja Como o Nosso Trabalho Acrescenta Valor ao Seu Neg\u00f3cio.","breadcrumb":{"@id":"https:\/\/ascending.ltd\/pt-pt\/units\/#breadcrumb"},"inLanguage":"pt-PT","potentialAction":[{"@type":"ReadAction","target":["https:\/\/ascending.ltd\/pt-pt\/units\/"]}]},{"@type":"BreadcrumbList","@id":"https:\/\/ascending.ltd\/pt-pt\/units\/#breadcrumb","itemListElement":[{"@type":"ListItem","position":1,"name":"Home","item":"https:\/\/ascending.ltd\/pt-pt\/"},{"@type":"ListItem","position":2,"name":"Units"}]},{"@type":"WebSite","@id":"https:\/\/ascending.ltd\/#website","url":"https:\/\/ascending.ltd\/","name":"Ascending","description":"Improving lives and organizations","potentialAction":[{"@type":"SearchAction","target":{"@type":"EntryPoint","urlTemplate":"https:\/\/ascending.ltd\/?s={search_term_string}"},"query-input":{"@type":"PropertyValueSpecification","valueRequired":true,"valueName":"search_term_string"}}],"inLanguage":"pt-PT"}]}},"_links":{"self":[{"href":"https:\/\/ascending.ltd\/pt-pt\/wp-json\/wp\/v2\/pages\/1081","targetHints":{"allow":["GET"]}}],"collection":[{"href":"https:\/\/ascending.ltd\/pt-pt\/wp-json\/wp\/v2\/pages"}],"about":[{"href":"https:\/\/ascending.ltd\/pt-pt\/wp-json\/wp\/v2\/types\/page"}],"author":[{"embeddable":true,"href":"https:\/\/ascending.ltd\/pt-pt\/wp-json\/wp\/v2\/users\/1"}],"replies":[{"embeddable":true,"href":"https:\/\/ascending.ltd\/pt-pt\/wp-json\/wp\/v2\/comments?post=1081"}],"version-history":[{"count":1,"href":"https:\/\/ascending.ltd\/pt-pt\/wp-json\/wp\/v2\/pages\/1081\/revisions"}],"predecessor-version":[{"id":1082,"href":"https:\/\/ascending.ltd\/pt-pt\/wp-json\/wp\/v2\/pages\/1081\/revisions\/1082"}],"wp:attachment":[{"href":"https:\/\/ascending.ltd\/pt-pt\/wp-json\/wp\/v2\/media?parent=1081"}],"curies":[{"name":"wp","href":"https:\/\/api.w.org\/{rel}","templated":true}]}}