{"id":1078,"date":"2021-02-11T12:29:49","date_gmt":"2021-02-11T12:29:49","guid":{"rendered":"https:\/\/ascending.ltd\/localizacoes\/"},"modified":"2021-02-16T10:18:38","modified_gmt":"2021-02-16T10:18:38","slug":"localizacoes","status":"publish","type":"page","link":"https:\/\/ascending.ltd\/pt-pt\/localizacoes\/","title":{"rendered":"Localiza\u00e7\u00f5es"},"content":{"rendered":"","protected":false},"excerpt":{"rendered":"","protected":false},"author":1,"featured_media":0,"parent":0,"menu_order":0,"comment_status":"closed","ping_status":"closed","template":"views\/page-locations.blade.php","meta":{"om_disable_all_campaigns":false,"_monsterinsights_skip_tracking":false,"_monsterinsights_sitenote_active":false,"_monsterinsights_sitenote_note":"","_monsterinsights_sitenote_category":0,"_uf_show_specific_survey":0,"_uf_disable_surveys":false,"footnotes":""},"class_list":["post-1078","page","type-page","status-publish","hentry"],"aioseo_notices":[],"yoast_head":"<!-- This site is optimized with the Yoast SEO plugin v27.4 - https:\/\/yoast.com\/product\/yoast-seo-wordpress\/ -->\n<title>Localiza\u00e7\u00f5es - Ascending<\/title>\n<meta name=\"description\" content=\"Encontre os Nossos Escrit\u00f3rios e Centros de Forma\u00e7\u00e3o em Angola e Mo\u00e7ambique.\" \/>\n<meta name=\"robots\" content=\"index, follow, max-snippet:-1, max-image-preview:large, max-video-preview:-1\" \/>\n<link rel=\"canonical\" href=\"https:\/\/ascending.ltd\/pt-pt\/localizacoes\/\" \/>\n<meta property=\"og:locale\" content=\"pt_PT\" \/>\n<meta property=\"og:type\" content=\"article\" \/>\n<meta property=\"og:title\" content=\"Localiza\u00e7\u00f5es - Ascending\" \/>\n<meta property=\"og:description\" content=\"Encontre os Nossos Escrit\u00f3rios e Centros de Forma\u00e7\u00e3o em Angola e Mo\u00e7ambique.\" \/>\n<meta property=\"og:url\" content=\"https:\/\/ascending.ltd\/pt-pt\/localizacoes\/\" \/>\n<meta property=\"og:site_name\" content=\"Ascending\" \/>\n<meta property=\"article:modified_time\" content=\"2021-02-16T10:18:38+00:00\" \/>\n<meta property=\"og:image\" content=\"https:\/\/ascending.ltd\/wp-content\/uploads\/2021\/02\/jobs.png\" \/>\n<meta name=\"twitter:card\" content=\"summary_large_image\" \/>\n<meta name=\"twitter:image\" content=\"https:\/\/ascending.ltd\/wp-content\/uploads\/2021\/02\/jobs.png\" \/>\n<script type=\"application\/ld+json\" class=\"yoast-schema-graph\">{\"@context\":\"https:\\\/\\\/schema.org\",\"@graph\":[{\"@type\":\"WebPage\",\"@id\":\"https:\\\/\\\/ascending.ltd\\\/pt-pt\\\/localizacoes\\\/\",\"url\":\"https:\\\/\\\/ascending.ltd\\\/pt-pt\\\/localizacoes\\\/\",\"name\":\"Localiza\u00e7\u00f5es - Ascending\",\"isPartOf\":{\"@id\":\"https:\\\/\\\/ascending.ltd\\\/#website\"},\"datePublished\":\"2021-02-11T12:29:49+00:00\",\"dateModified\":\"2021-02-16T10:18:38+00:00\",\"description\":\"Encontre os Nossos Escrit\u00f3rios e Centros de Forma\u00e7\u00e3o em Angola e Mo\u00e7ambique.\",\"breadcrumb\":{\"@id\":\"https:\\\/\\\/ascending.ltd\\\/pt-pt\\\/localizacoes\\\/#breadcrumb\"},\"inLanguage\":\"pt-PT\",\"potentialAction\":[{\"@type\":\"ReadAction\",\"target\":[\"https:\\\/\\\/ascending.ltd\\\/pt-pt\\\/localizacoes\\\/\"]}]},{\"@type\":\"BreadcrumbList\",\"@id\":\"https:\\\/\\\/ascending.ltd\\\/pt-pt\\\/localizacoes\\\/#breadcrumb\",\"itemListElement\":[{\"@type\":\"ListItem\",\"position\":1,\"name\":\"Home\",\"item\":\"https:\\\/\\\/ascending.ltd\\\/pt-pt\\\/\"},{\"@type\":\"ListItem\",\"position\":2,\"name\":\"Localiza\u00e7\u00f5es\"}]},{\"@type\":\"WebSite\",\"@id\":\"https:\\\/\\\/ascending.ltd\\\/#website\",\"url\":\"https:\\\/\\\/ascending.ltd\\\/\",\"name\":\"Ascending\",\"description\":\"Improving lives and organizations\",\"potentialAction\":[{\"@type\":\"SearchAction\",\"target\":{\"@type\":\"EntryPoint\",\"urlTemplate\":\"https:\\\/\\\/ascending.ltd\\\/?s={search_term_string}\"},\"query-input\":{\"@type\":\"PropertyValueSpecification\",\"valueRequired\":true,\"valueName\":\"search_term_string\"}}],\"inLanguage\":\"pt-PT\"}]}<\/script>\n<!-- \/ Yoast SEO plugin. -->","yoast_head_json":{"title":"Localiza\u00e7\u00f5es - Ascending","description":"Encontre os Nossos Escrit\u00f3rios e Centros de Forma\u00e7\u00e3o em Angola e Mo\u00e7ambique.","robots":{"index":"index","follow":"follow","max-snippet":"max-snippet:-1","max-image-preview":"max-image-preview:large","max-video-preview":"max-video-preview:-1"},"canonical":"https:\/\/ascending.ltd\/pt-pt\/localizacoes\/","og_locale":"pt_PT","og_type":"article","og_title":"Localiza\u00e7\u00f5es - Ascending","og_description":"Encontre os Nossos Escrit\u00f3rios e Centros de Forma\u00e7\u00e3o em Angola e Mo\u00e7ambique.","og_url":"https:\/\/ascending.ltd\/pt-pt\/localizacoes\/","og_site_name":"Ascending","article_modified_time":"2021-02-16T10:18:38+00:00","og_image":[{"url":"https:\/\/ascending.ltd\/wp-content\/uploads\/2021\/02\/jobs.png","type":"","width":"","height":""}],"twitter_card":"summary_large_image","twitter_image":"https:\/\/ascending.ltd\/wp-content\/uploads\/2021\/02\/jobs.png","schema":{"@context":"https:\/\/schema.org","@graph":[{"@type":"WebPage","@id":"https:\/\/ascending.ltd\/pt-pt\/localizacoes\/","url":"https:\/\/ascending.ltd\/pt-pt\/localizacoes\/","name":"Localiza\u00e7\u00f5es - Ascending","isPartOf":{"@id":"https:\/\/ascending.ltd\/#website"},"datePublished":"2021-02-11T12:29:49+00:00","dateModified":"2021-02-16T10:18:38+00:00","description":"Encontre os Nossos Escrit\u00f3rios e Centros de Forma\u00e7\u00e3o em Angola e Mo\u00e7ambique.","breadcrumb":{"@id":"https:\/\/ascending.ltd\/pt-pt\/localizacoes\/#breadcrumb"},"inLanguage":"pt-PT","potentialAction":[{"@type":"ReadAction","target":["https:\/\/ascending.ltd\/pt-pt\/localizacoes\/"]}]},{"@type":"BreadcrumbList","@id":"https:\/\/ascending.ltd\/pt-pt\/localizacoes\/#breadcrumb","itemListElement":[{"@type":"ListItem","position":1,"name":"Home","item":"https:\/\/ascending.ltd\/pt-pt\/"},{"@type":"ListItem","position":2,"name":"Localiza\u00e7\u00f5es"}]},{"@type":"WebSite","@id":"https:\/\/ascending.ltd\/#website","url":"https:\/\/ascending.ltd\/","name":"Ascending","description":"Improving lives and organizations","potentialAction":[{"@type":"SearchAction","target":{"@type":"EntryPoint","urlTemplate":"https:\/\/ascending.ltd\/?s={search_term_string}"},"query-input":{"@type":"PropertyValueSpecification","valueRequired":true,"valueName":"search_term_string"}}],"inLanguage":"pt-PT"}]}},"_links":{"self":[{"href":"https:\/\/ascending.ltd\/pt-pt\/wp-json\/wp\/v2\/pages\/1078","targetHints":{"allow":["GET"]}}],"collection":[{"href":"https:\/\/ascending.ltd\/pt-pt\/wp-json\/wp\/v2\/pages"}],"about":[{"href":"https:\/\/ascending.ltd\/pt-pt\/wp-json\/wp\/v2\/types\/page"}],"author":[{"embeddable":true,"href":"https:\/\/ascending.ltd\/pt-pt\/wp-json\/wp\/v2\/users\/1"}],"replies":[{"embeddable":true,"href":"https:\/\/ascending.ltd\/pt-pt\/wp-json\/wp\/v2\/comments?post=1078"}],"version-history":[{"count":4,"href":"https:\/\/ascending.ltd\/pt-pt\/wp-json\/wp\/v2\/pages\/1078\/revisions"}],"predecessor-version":[{"id":1229,"href":"https:\/\/ascending.ltd\/pt-pt\/wp-json\/wp\/v2\/pages\/1078\/revisions\/1229"}],"wp:attachment":[{"href":"https:\/\/ascending.ltd\/pt-pt\/wp-json\/wp\/v2\/media?parent=1078"}],"curies":[{"name":"wp","href":"https:\/\/api.w.org\/{rel}","templated":true}]}}